{"id":1494,"date":"2024-03-10T17:19:58","date_gmt":"2024-03-10T16:19:58","guid":{"rendered":"http:\/\/www.universitadegliorefici.it\/?page_id=1494"},"modified":"2024-03-10T17:27:43","modified_gmt":"2024-03-10T16:27:43","slug":"iscrizione","status":"publish","type":"page","link":"https:\/\/www.universitadegliorefici.it\/en\/iscrizione\/","title":{"rendered":"Iscrizione"},"content":{"rendered":"<div data-elementor-type=\"wp-page\" data-elementor-id=\"1494\" class=\"elementor elementor-1494\">\n\t\t\t\t<div class=\"elementor-element elementor-element-3f88d528 e-flex e-con-boxed e-con e-parent\" data-id=\"3f88d528\" data-element_type=\"container\" data-settings=\"{&quot;background_background&quot;:&quot;classic&quot;,&quot;content_width&quot;:&quot;boxed&quot;}\" data-core-v316-plus=\"true\">\n\t\t\t\t\t<div class=\"e-con-inner\">\n\t\t<div class=\"elementor-element elementor-element-5f28f9eb e-con-full e-flex e-con e-child\" data-id=\"5f28f9eb\" data-element_type=\"container\" data-settings=\"{&quot;content_width&quot;:&quot;full&quot;}\">\n\t\t\t\t<div class=\"elementor-element elementor-element-44b1109a elementor-widget elementor-widget-heading\" data-id=\"44b1109a\" data-element_type=\"widget\" data-widget_type=\"heading.default\">\n\t\t\t\t<div class=\"elementor-widget-container\">\n\t\t\t<style>\/*! elementor - v3.19.0 - 28-02-2024 *\/\n.elementor-heading-title{padding:0;margin:0;line-height:1}.elementor-widget-heading .elementor-heading-title[class*=elementor-size-]>a{color:inherit;font-size:inherit;line-height:inherit}.elementor-widget-heading .elementor-heading-title.elementor-size-small{font-size:15px}.elementor-widget-heading .elementor-heading-title.elementor-size-medium{font-size:19px}.elementor-widget-heading .elementor-heading-title.elementor-size-large{font-size:29px}.elementor-widget-heading .elementor-heading-title.elementor-size-xl{font-size:39px}.elementor-widget-heading .elementor-heading-title.elementor-size-xxl{font-size:59px}<\/style><h1 class=\"elementor-heading-title elementor-size-default\">Iscrizione<\/h1>\t\t<\/div>\n\t\t\t\t<\/div>\n\t\t\t\t<\/div>\n\t\t\t\t\t<\/div>\n\t\t\t\t<\/div>\n\t\t<div class=\"elementor-element elementor-element-1a3208ca e-flex e-con-boxed e-con e-parent\" data-id=\"1a3208ca\" data-element_type=\"container\" data-settings=\"{&quot;background_background&quot;:&quot;classic&quot;,&quot;content_width&quot;:&quot;boxed&quot;}\" data-core-v316-plus=\"true\">\n\t\t\t\t\t<div class=\"e-con-inner\">\n\t\t\t\t<div class=\"elementor-element elementor-element-289b62a elementor-widget elementor-widget-heading\" data-id=\"289b62a\" data-element_type=\"widget\" data-widget_type=\"heading.default\">\n\t\t\t\t<div class=\"elementor-widget-container\">\n\t\t\t<h2 class=\"elementor-heading-title elementor-size-default\">Partecipa al concorso \"gioielloinarte\"<\/h2>\t\t<\/div>\n\t\t\t\t<\/div>\n\t\t\t\t\t<\/div>\n\t\t\t\t<\/div>\n\t\t<div class=\"elementor-element elementor-element-38f7dbc e-flex e-con-boxed e-con e-parent\" data-id=\"38f7dbc\" data-element_type=\"container\" data-settings=\"{&quot;background_background&quot;:&quot;classic&quot;,&quot;content_width&quot;:&quot;boxed&quot;}\" data-core-v316-plus=\"true\">\n\t\t\t\t\t<div class=\"e-con-inner\">\n\t\t\t\t<div class=\"elementor-element elementor-element-ed65334 elementor-widget elementor-widget-wpforms\" data-id=\"ed65334\" data-element_type=\"widget\" data-widget_type=\"wpforms.default\">\n\t\t\t\t<div class=\"elementor-widget-container\">\n\t\t\t<div class=\"wpforms-container\" id=\"wpforms-1491\"><form id=\"wpforms-form-1491\" class=\"wpforms-validate wpforms-form wpforms-ajax-form\" data-formid=\"1491\" method=\"post\" enctype=\"multipart\/form-data\" action=\"\/en\/wp-json\/wp\/v2\/pages\/1494\" data-token=\"1b920c995385a23481a70060e357db33\" data-token-time=\"1777546292\" data-trp-original-action=\"\/en\/wp-json\/wp\/v2\/pages\/1494\"><noscript class=\"wpforms-error-noscript\">Please enable JavaScript in your browser to complete this form.<\/noscript><div class=\"wpforms-field-container\"><div id=\"wpforms-1491-field_3-container\" class=\"wpforms-field wpforms-field-name\" data-field-id=\"3\"><label class=\"wpforms-field-label\" for=\"wpforms-1491-field_3\">Name <span class=\"wpforms-required-label\">*<\/span><\/label><div class=\"wpforms-field-row wpforms-field-medium\"><div class=\"wpforms-field-row-block wpforms-first wpforms-one-half\"><input type=\"text\" id=\"wpforms-1491-field_3\" class=\"wpforms-field-name-first wpforms-field-required\" name=\"wpforms[fields][3][first]\" required><label for=\"wpforms-1491-field_3\" class=\"wpforms-field-sublabel after\">First<\/label><\/div><div class=\"wpforms-field-row-block wpforms-one-half\"><input type=\"text\" id=\"wpforms-1491-field_3-last\" class=\"wpforms-field-name-last wpforms-field-required\" name=\"wpforms[fields][3][last]\" required><label for=\"wpforms-1491-field_3-last\" class=\"wpforms-field-sublabel after\">Last<\/label><\/div><\/div><\/div><div id=\"wpforms-1491-field_4-container\" class=\"wpforms-field wpforms-field-email\" data-field-id=\"4\"><label class=\"wpforms-field-label\" for=\"wpforms-1491-field_4\">Email <span class=\"wpforms-required-label\">*<\/span><\/label><input type=\"email\" id=\"wpforms-1491-field_4\" class=\"wpforms-field-medium wpforms-field-required\" name=\"wpforms[fields][4]\" spellcheck=\"false\" required><\/div><div id=\"wpforms-1491-field_2-container\" class=\"wpforms-field wpforms-field-text\" data-field-id=\"2\"><label class=\"wpforms-field-label\" for=\"wpforms-1491-field_2\">Telefono<\/label><input type=\"text\" id=\"wpforms-1491-field_2\" class=\"wpforms-field-medium\" name=\"wpforms[fields][2]\" ><\/div><div id=\"wpforms-1491-field_1-container\" class=\"wpforms-field wpforms-field-text\" data-field-id=\"1\"><label class=\"wpforms-field-label\" for=\"wpforms-1491-field_1\">Indirizzo \/ Address <span class=\"wpforms-required-label\">*<\/span><\/label><input type=\"text\" id=\"wpforms-1491-field_1\" class=\"wpforms-field-medium wpforms-field-required\" name=\"wpforms[fields][1]\" required><\/div><div id=\"wpforms-1491-field_5-container\" class=\"wpforms-field wpforms-field-text\" data-field-id=\"5\"><label class=\"wpforms-field-label\" for=\"wpforms-1491-field_5\">CAP <span class=\"wpforms-required-label\">*<\/span><\/label><input type=\"text\" id=\"wpforms-1491-field_5\" class=\"wpforms-field-small wpforms-field-required\" name=\"wpforms[fields][5]\" required><\/div><div id=\"wpforms-1491-field_6-container\" class=\"wpforms-field wpforms-field-text\" data-field-id=\"6\"><label class=\"wpforms-field-label\" for=\"wpforms-1491-field_6\">Citt\u00e0 \/ City<\/label><input type=\"text\" id=\"wpforms-1491-field_6\" class=\"wpforms-field-small\" name=\"wpforms[fields][6]\" ><\/div><div id=\"wpforms-1491-field_7-container\" class=\"wpforms-field wpforms-field-text\" data-field-id=\"7\"><label class=\"wpforms-field-label\" for=\"wpforms-1491-field_7\">Provincia \/ District state<\/label><input type=\"text\" id=\"wpforms-1491-field_7\" class=\"wpforms-field-small\" name=\"wpforms[fields][7]\" ><\/div><div id=\"wpforms-1491-field_10-container\" class=\"wpforms-field wpforms-field-text\" data-field-id=\"10\"><label class=\"wpforms-field-label\" for=\"wpforms-1491-field_10\">Codice del bonifico \/  Code of bank-remittance<\/label><input type=\"text\" id=\"wpforms-1491-field_10\" class=\"wpforms-field-medium\" name=\"wpforms[fields][10]\" ><\/div><div id=\"wpforms-1491-field_9-container\" class=\"wpforms-field wpforms-field-checkbox iscrizione_select\" data-field-id=\"9\"><ul id=\"wpforms-1491-field_9\"><li class=\"choice-1 depth-1\"><input type=\"checkbox\" id=\"wpforms-1491-field_9_1\" name=\"wpforms[fields][9][]\" value=\"Accetto implicitamente le norme del bando. La mancanza di uno solo dei dati\/documentazione richiesti comporter\u00e0 l&#039;esclusione dal concorso \/ Implicitly accepts the rules of the notice.\"  ><label class=\"wpforms-field-label-inline\" for=\"wpforms-1491-field_9_1\">Accetto implicitamente le norme del bando. La mancanza di uno solo dei dati\/documentazione richiesti comporter\u00e0 l'esclusione dal concorso \/ Implicitly accepts the rules of the notice.<\/label><\/li><li class=\"choice-2 depth-1\"><input type=\"checkbox\" id=\"wpforms-1491-field_9_2\" name=\"wpforms[fields][9][]\" value=\"Dichiaro e garantisce sotto sua esclusiva responsabilit\u00e0 che le immagini relative alle opere realizzate sono originali, non hanno natura diffamatoria e non violano i diritti di propriet\u00e0 intellettuale di terzi \/ The lack of a single data \/ documentation requested will be disqualified represents and warrants under our sole responsibility that the images of the works are original, not defamatory nature and do not violate intellectual property rights of third parties\"  ><label class=\"wpforms-field-label-inline\" for=\"wpforms-1491-field_9_2\">Dichiaro e garantisce sotto sua esclusiva responsabilit\u00e0 che le immagini relative alle opere realizzate sono originali, non hanno natura diffamatoria e non violano i diritti di propriet\u00e0 intellettuale di terzi \/ The lack of a single data \/ documentation requested will be disqualified represents and warrants under our sole responsibility that the images of the works are original, not defamatory nature and do not violate intellectual property rights of third parties<\/label><\/li><li class=\"choice-3 depth-1\"><input type=\"checkbox\" id=\"wpforms-1491-field_9_3\" name=\"wpforms[fields][9][]\" value=\"Mantenendo la propriet\u00e0 intellettuale dell&#039;opera realizzata cedo all&#039;Universit\u00e0 degli Orefici, come formalizzato sulla scheda di iscrizione, i diritti di riproduzione delle opere al fine di consentire la pubblicazione di materiale fotografico e descrittivo dell&#039;opera sul sito web www.universitadegliorefici.it e per altre forme di comunicazione inerenti esclusivamente attivit\u00e0 dell&#039;organizzatore \/ Maintaining the intellectual property of the work carried out gives the Universit\u00e0 degli Orefici , as formalized in the enrollment, rights to reproduce works in order to allow publication of photographs and descriptive work on the website www.universitadegliorefici.it and other forms of communication relating solely or organization activities\"  ><label class=\"wpforms-field-label-inline\" for=\"wpforms-1491-field_9_3\">Mantenendo la propriet\u00e0 intellettuale dell'opera realizzata cedo all'Universit\u00e0 degli Orefici, come formalizzato sulla scheda di iscrizione, i diritti di riproduzione delle opere al fine di consentire la pubblicazione di materiale fotografico e descrittivo dell'opera sul sito web www.universitadegliorefici.it e per altre forme di comunicazione inerenti esclusivamente attivit\u00e0 dell'organizzatore \/ Maintaining the intellectual property of the work carried out gives the Universit\u00e0 degli Orefici , as formalized in the enrollment, rights to reproduce works in order to allow publication of photographs and descriptive work on the website www.universitadegliorefici.it and other forms of communication relating solely or organization activities<\/label><\/li><li class=\"choice-4 depth-1\"><input type=\"checkbox\" id=\"wpforms-1491-field_9_4\" name=\"wpforms[fields][9][]\" value=\"Accetto che la propria opera unitamente ai propri dati personali, nome, cognome, indirizzo, et\u00e0, provenienza e professione, siano pubblicati in servizi giornalistici o utilizzati con le modalit\u00e0 e per le finalit\u00e0 indicate nel presente bando \/ Accepts that his work together with their personal information, name, address, age, nationality and profession, are published in news reports or used in the manner and for the purposes specified in this notice\"  ><label class=\"wpforms-field-label-inline\" for=\"wpforms-1491-field_9_4\">Accetto che la propria opera unitamente ai propri dati personali, nome, cognome, indirizzo, et\u00e0, provenienza e professione, siano pubblicati in servizi giornalistici o utilizzati con le modalit\u00e0 e per le finalit\u00e0 indicate nel presente bando \/ Accepts that his work together with their personal information, name, address, age, nationality and profession, are published in news reports or used in the manner and for the purposes specified in this notice<\/label><\/li><li class=\"choice-5 depth-1\"><input type=\"checkbox\" id=\"wpforms-1491-field_9_5\" name=\"wpforms[fields][9][]\" value=\"Sono interamente responsabile per i contenuti del materiale e della documentazione trasmessa. \/ Is entirely responsible for the content of the material and documentation submitted\"  ><label class=\"wpforms-field-label-inline\" for=\"wpforms-1491-field_9_5\">Sono interamente responsabile per i contenuti del materiale e della documentazione trasmessa. \/ Is entirely responsible for the content of the material and documentation submitted<\/label><\/li><li class=\"choice-6 depth-1\"><input type=\"checkbox\" id=\"wpforms-1491-field_9_6\" name=\"wpforms[fields][9][]\" value=\"Autorizzo l&#039;archiviazione del materiale fotografico trasmesso presso l&#039;Universit\u00e0 degli Orefici \/ Authorizes the storage of photographic material transmitted at the Universit\u00e0 degli Orefici\"  ><label class=\"wpforms-field-label-inline\" for=\"wpforms-1491-field_9_6\">Autorizzo l'archiviazione del materiale fotografico trasmesso presso l'Universit\u00e0 degli Orefici \/ Authorizes the storage of photographic material transmitted at the Universit\u00e0 degli Orefici<\/label><\/li><li class=\"choice-7 depth-1\"><input type=\"checkbox\" id=\"wpforms-1491-field_9_7\" name=\"wpforms[fields][9][]\" value=\"Autorizzo, come formalizzato sulla scheda di iscrizione, l&#039;Universit\u00e0 degli Orefici a trattare i dati personali ai sensi della legge 675\/96 (legge sulla Privacy) e successive modifiche D.lgs. 196\/2003 (Codice Privacy), anche ai fini dell&#039;inserimento in banche dati gestite dall&#039;Universit\u00e0 degli Orefici. \/ Authorizes, as formalized in the enrollment, the Universit\u00e0 degli Orefici to process personal data in accordance with Law 675\/96 (Privacy Act) and Legislative Decree n. 196\/2003 (Privacy Code), also for inclusion in databases operated by Universit\u00e0 degli Orefici\"  ><label class=\"wpforms-field-label-inline\" for=\"wpforms-1491-field_9_7\">Autorizzo, come formalizzato sulla scheda di iscrizione, l'Universit\u00e0 degli Orefici a trattare i dati personali ai sensi della legge 675\/96 (legge sulla Privacy) e successive modifiche D.lgs. 196\/2003 (Codice Privacy), anche ai fini dell'inserimento in banche dati gestite dall'Universit\u00e0 degli Orefici. \/ Authorizes, as formalized in the enrollment, the Universit\u00e0 degli Orefici to process personal data in accordance with Law 675\/96 (Privacy Act) and Legislative Decree n. 196\/2003 (Privacy Code), also for inclusion in databases operated by Universit\u00e0 degli Orefici<\/label><\/li><\/ul><\/div><\/div><!-- .wpforms-field-container --><div class=\"wpforms-submit-container\" ><input type=\"hidden\" name=\"wpforms[id]\" value=\"1491\"><input type=\"hidden\" name=\"page_title\" value=\"\"><input type=\"hidden\" name=\"page_url\" value=\"https:\/\/www.universitadegliorefici.it\/en\/wp-json\/wp\/v2\/pages\/1494\"><button type=\"submit\" name=\"wpforms[submit]\" id=\"wpforms-submit-1491\" class=\"wpforms-submit\" data-alt-text=\"Invio in corso...\" data-submit-text=\"Invia\" aria-live=\"assertive\" value=\"wpforms-submit\">Invia<\/button><img decoding=\"async\" src=\"https:\/\/www.universitadegliorefici.it\/wp-content\/plugins\/wpforms-lite\/assets\/images\/submit-spin.svg\" class=\"wpforms-submit-spinner\" style=\"display: none;\" width=\"26\" height=\"26\" alt=\"Loading\"><\/div><input type=\"hidden\" name=\"trp-form-language\" value=\"en\"\/><\/form><\/div>  <!-- .wpforms-container -->\t\t<\/div>\n\t\t\t\t<\/div>\n\t\t\t\t\t<\/div>\n\t\t\t\t<\/div>\n\t\t\t\t<\/div>","protected":false},"excerpt":{"rendered":"<p>Iscrizione Partecipa al concorso &#8220;gioielloinarte&#8221; Abilita JavaScript nel browser per completare questo modulo.Nome *NomeCognomeEmail *TelefonoIndirizzo \/ Address *CAP *Citt\u00e0 \/ CityProvincia \/ District state Accetto implicitamente le norme del bando. La mancanza di uno solo dei dati\/documentazione richiesti comporter\u00e0 l&#8217;esclusione dal concorso \/ Implicitly accepts the rules of the notice. Dichiaro e garantisce sotto sua [&hellip;]<\/p>","protected":false},"author":1,"featured_media":0,"parent":0,"menu_order":0,"comment_status":"closed","ping_status":"closed","template":"","meta":{"site-sidebar-layout":"no-sidebar","site-content-layout":"","ast-site-content-layout":"default","site-content-style":"default","site-sidebar-style":"default","ast-global-header-display":"","ast-banner-title-visibility":"","ast-main-header-display":"","ast-hfb-above-header-display":"","ast-hfb-below-header-display":"","ast-hfb-mobile-header-display":"","site-post-title":"disabled","ast-breadcrumbs-content":"","ast-featured-img":"disabled","footer-sml-layout":"","theme-transparent-header-meta":"default","adv-header-id-meta":"","stick-header-meta":"","header-above-stick-meta":"","header-main-stick-meta":"","header-below-stick-meta":"","astra-migrate-meta-layouts":"set","ast-page-background-enabled":"default","ast-page-background-meta":{"desktop":{"background-color":"","background-image":"","background-repeat":"repeat","background-position":"center center","background-size":"auto","background-attachment":"scroll","background-type":"","background-media":"","overlay-type":"","overlay-color":"","overlay-gradient":""},"tablet":{"background-color":"","background-image":"","background-repeat":"repeat","background-position":"center center","background-size":"auto","background-attachment":"scroll","background-type":"","background-media":"","overlay-type":"","overlay-color":"","overlay-gradient":""},"mobile":{"background-color":"","background-image":"","background-repeat":"repeat","background-position":"center center","background-size":"auto","background-attachment":"scroll","background-type":"","background-media":"","overlay-type":"","overlay-color":"","overlay-gradient":""}},"ast-content-background-meta":{"desktop":{"background-color":"var(--ast-global-color-5)","background-image":"","background-repeat":"repeat","background-position":"center center","background-size":"auto","background-attachment":"scroll","background-type":"","background-media":"","overlay-type":"","overlay-color":"","overlay-gradient":""},"tablet":{"background-color":"var(--ast-global-color-5)","background-image":"","background-repeat":"repeat","background-position":"center center","background-size":"auto","background-attachment":"scroll","background-type":"","background-media":"","overlay-type":"","overlay-color":"","overlay-gradient":""},"mobile":{"background-color":"var(--ast-global-color-5)","background-image":"","background-repeat":"repeat","background-position":"center center","background-size":"auto","background-attachment":"scroll","background-type":"","background-media":"","overlay-type":"","overlay-color":"","overlay-gradient":""}},"ngg_post_thumbnail":0,"footnotes":""},"class_list":["post-1494","page","type-page","status-publish","hentry"],"_links":{"self":[{"href":"https:\/\/www.universitadegliorefici.it\/en\/wp-json\/wp\/v2\/pages\/1494","targetHints":{"allow":["GET"]}}],"collection":[{"href":"https:\/\/www.universitadegliorefici.it\/en\/wp-json\/wp\/v2\/pages"}],"about":[{"href":"https:\/\/www.universitadegliorefici.it\/en\/wp-json\/wp\/v2\/types\/page"}],"author":[{"embeddable":true,"href":"https:\/\/www.universitadegliorefici.it\/en\/wp-json\/wp\/v2\/users\/1"}],"replies":[{"embeddable":true,"href":"https:\/\/www.universitadegliorefici.it\/en\/wp-json\/wp\/v2\/comments?post=1494"}],"version-history":[{"count":5,"href":"https:\/\/www.universitadegliorefici.it\/en\/wp-json\/wp\/v2\/pages\/1494\/revisions"}],"predecessor-version":[{"id":1500,"href":"https:\/\/www.universitadegliorefici.it\/en\/wp-json\/wp\/v2\/pages\/1494\/revisions\/1500"}],"wp:attachment":[{"href":"https:\/\/www.universitadegliorefici.it\/en\/wp-json\/wp\/v2\/media?parent=1494"}],"curies":[{"name":"wp","href":"https:\/\/api.w.org\/{rel}","templated":true}]}}